{"id":1160,"date":"2025-07-29T01:26:45","date_gmt":"2025-07-29T01:26:45","guid":{"rendered":"https:\/\/grupoapron.com\/?page_id=1160"},"modified":"2025-09-23T23:41:09","modified_gmt":"2025-09-23T23:41:09","slug":"consultoria-en-proyectos","status":"publish","type":"page","link":"https:\/\/grupoapron.com\/index.php\/consultoria-en-proyectos\/","title":{"rendered":"Consultor\u00eda en Proyectos"},"content":{"rendered":"\n<div class=\"wp-block-cover has-custom-content-position is-position-bottom-right wp-duotone-000000de-006699-1\"><img fetchpriority=\"high\" decoding=\"async\" width=\"1024\" height=\"559\" class=\"wp-block-cover__image-background wp-image-1161\" alt=\"\" src=\"https:\/\/grupoapron.com\/wp-content\/uploads\/2025\/07\/consultor.png\" style=\"object-position:48% 10%\" data-object-fit=\"cover\" data-object-position=\"48% 10%\" srcset=\"https:\/\/grupoapron.com\/wp-content\/uploads\/2025\/07\/consultor.png 1024w, https:\/\/grupoapron.com\/wp-content\/uploads\/2025\/07\/consultor-300x164.png 300w, https:\/\/grupoapron.com\/wp-content\/uploads\/2025\/07\/consultor-768x419.png 768w\" sizes=\"(max-width: 1024px) 100vw, 1024px\" \/><span aria-hidden=\"true\" class=\"wp-block-cover__background has-background-dim\"><\/span><div class=\"wp-block-cover__inner-container is-layout-flow wp-block-cover-is-layout-flow\">\n<p class=\"has-text-align-center has-large-font-size\">Project Management Consulting.<\/p>\n<\/div><\/div>\n\n\n\n<p>Nuestra consultor\u00eda en proyectos est\u00e1 dise\u00f1ada para optimizar la gesti\u00f3n de tus iniciativas desde la concepci\u00f3n hasta la finalizaci\u00f3n. Nos enfocamos en brindar soluciones integrales que incluyen:<\/p>\n\n\n\n<ul class=\"wp-block-list\">\n<li>Diagn\u00f3stico y planeaci\u00f3n estrat\u00e9gica (Certificados en EC0249)<\/li>\n\n\n\n<li>Gesti\u00f3n de riesgos, seguimiento y control (Bajo el marco registrado de Trabajo APRON CORE)<\/li>\n\n\n\n<li>Creaci\u00f3n y fortalecimiento iterativo de PMO (Basados en los modelos OPM \/ PMO Maturity model)<\/li>\n\n\n\n<li>Planes de transformaci\u00f3n digital y organizacional (Orientados a resultados y alineados a objetivos estrat\u00e9gicos)<\/li>\n\n\n\n<li>Enfoque centrado en el cliente, adaptado a la cultura organizacional (Modelo de intervenci\u00f3n \u00e1gil y colaborativo)<\/li>\n<\/ul>\n\n\n\n<p><\/p>\n","protected":false},"excerpt":{"rendered":"<p>Nuestra consultor\u00eda en proyectos est\u00e1 dise\u00f1ada para optimizar la gesti\u00f3n de tus iniciativas desde la concepci\u00f3n hasta la finalizaci\u00f3n. Nos enfocamos en brindar soluciones integrales que incluyen:<\/p>\n","protected":false},"author":1,"featured_media":0,"parent":0,"menu_order":0,"comment_status":"closed","ping_status":"closed","template":"","meta":{"footnotes":""},"class_list":["post-1160","page","type-page","status-publish","hentry"],"_links":{"self":[{"href":"https:\/\/grupoapron.com\/index.php\/wp-json\/wp\/v2\/pages\/1160","targetHints":{"allow":["GET"]}}],"collection":[{"href":"https:\/\/grupoapron.com\/index.php\/wp-json\/wp\/v2\/pages"}],"about":[{"href":"https:\/\/grupoapron.com\/index.php\/wp-json\/wp\/v2\/types\/page"}],"author":[{"embeddable":true,"href":"https:\/\/grupoapron.com\/index.php\/wp-json\/wp\/v2\/users\/1"}],"replies":[{"embeddable":true,"href":"https:\/\/grupoapron.com\/index.php\/wp-json\/wp\/v2\/comments?post=1160"}],"version-history":[{"count":2,"href":"https:\/\/grupoapron.com\/index.php\/wp-json\/wp\/v2\/pages\/1160\/revisions"}],"predecessor-version":[{"id":1337,"href":"https:\/\/grupoapron.com\/index.php\/wp-json\/wp\/v2\/pages\/1160\/revisions\/1337"}],"wp:attachment":[{"href":"https:\/\/grupoapron.com\/index.php\/wp-json\/wp\/v2\/media?parent=1160"}],"curies":[{"name":"wp","href":"https:\/\/api.w.org\/{rel}","templated":true}]}}