{"id":1272,"date":"2025-07-31T21:09:48","date_gmt":"2025-07-31T21:09:48","guid":{"rendered":"https:\/\/grupoapron.com\/?page_id=1272"},"modified":"2025-07-31T21:13:41","modified_gmt":"2025-07-31T21:13:41","slug":"dulce-morales-director-ejecutivo","status":"publish","type":"page","link":"https:\/\/grupoapron.com\/index.php\/dulce-morales-director-ejecutivo\/","title":{"rendered":"Dulce Morales, Director ejecutivo"},"content":{"rendered":"\n<p>Hemos colaborado de manera profesional y responsable desde hace 3 a\u00f1os como Instructor, impartiendo diversos m\u00f3dulos, en diplomados de Gesti\u00f3n Avanzada de Proyectos, basado en los est\u00e1ndares del PMI\u00ae<\/p>\n\n\n\n<p><\/p>\n","protected":false},"excerpt":{"rendered":"<p>Hemos colaborado de manera profesional y responsable desde hace 3 a\u00f1os como Instructor, impartiendo diversos m\u00f3dulos, en diplomados de Gesti\u00f3n Avanzada de Proyectos, basado en los est\u00e1ndares del PMI\u00ae<\/p>\n","protected":false},"author":1,"featured_media":0,"parent":0,"menu_order":0,"comment_status":"closed","ping_status":"closed","template":"","meta":{"footnotes":""},"class_list":["post-1272","page","type-page","status-publish","hentry"],"_links":{"self":[{"href":"https:\/\/grupoapron.com\/index.php\/wp-json\/wp\/v2\/pages\/1272","targetHints":{"allow":["GET"]}}],"collection":[{"href":"https:\/\/grupoapron.com\/index.php\/wp-json\/wp\/v2\/pages"}],"about":[{"href":"https:\/\/grupoapron.com\/index.php\/wp-json\/wp\/v2\/types\/page"}],"author":[{"embeddable":true,"href":"https:\/\/grupoapron.com\/index.php\/wp-json\/wp\/v2\/users\/1"}],"replies":[{"embeddable":true,"href":"https:\/\/grupoapron.com\/index.php\/wp-json\/wp\/v2\/comments?post=1272"}],"version-history":[{"count":3,"href":"https:\/\/grupoapron.com\/index.php\/wp-json\/wp\/v2\/pages\/1272\/revisions"}],"predecessor-version":[{"id":1277,"href":"https:\/\/grupoapron.com\/index.php\/wp-json\/wp\/v2\/pages\/1272\/revisions\/1277"}],"wp:attachment":[{"href":"https:\/\/grupoapron.com\/index.php\/wp-json\/wp\/v2\/media?parent=1272"}],"curies":[{"name":"wp","href":"https:\/\/api.w.org\/{rel}","templated":true}]}}