{"id":1279,"date":"2025-07-31T22:09:33","date_gmt":"2025-07-31T22:09:33","guid":{"rendered":"https:\/\/grupoapron.com\/?page_id=1279"},"modified":"2025-07-31T22:09:34","modified_gmt":"2025-07-31T22:09:34","slug":"jorge-moreno-ceo","status":"publish","type":"page","link":"https:\/\/grupoapron.com\/index.php\/jorge-moreno-ceo\/","title":{"rendered":"Jorge Moreno, CEO"},"content":{"rendered":"\n<p>L\u00edder de estrategia, operaci\u00f3n y expansi\u00f3n en APRON, dirigiendo portafolios y programas  para empresas globales. Profesional s\u00e9nior en Gesti\u00f3n de Proyectos y Programas con m\u00e1s de 15 a\u00f1os de experiencia global implementando iniciativas estrat\u00e9gicas e impulsando la excelencia organizacional mediante PMO&#8217;s, transformaciones \u00e1giles e innovaci\u00f3n digital. Experiencia liderando equipos multifuncionales, optimizando procesos de negocio y generando valor para las partes interesadas en diversos sectores. Me apasiona fomentar culturas de alto rendimiento y lograr resultados medibles.<\/p>\n","protected":false},"excerpt":{"rendered":"<p>L\u00edder de estrategia, operaci\u00f3n y expansi\u00f3n en APRON, dirigiendo portafolios y programas para empresas globales. Profesional s\u00e9nior en Gesti\u00f3n de Proyectos y Programas con m\u00e1s de 15 a\u00f1os de experiencia global implementando iniciativas estrat\u00e9gicas e impulsando la excelencia organizacional mediante PMO&#8217;s, transformaciones \u00e1giles e innovaci\u00f3n digital. Experiencia liderando equipos multifuncionales, optimizando procesos de negocio y [&hellip;]<\/p>\n","protected":false},"author":1,"featured_media":1152,"parent":0,"menu_order":0,"comment_status":"closed","ping_status":"closed","template":"","meta":{"footnotes":""},"class_list":["post-1279","page","type-page","status-publish","has-post-thumbnail","hentry"],"_links":{"self":[{"href":"https:\/\/grupoapron.com\/index.php\/wp-json\/wp\/v2\/pages\/1279","targetHints":{"allow":["GET"]}}],"collection":[{"href":"https:\/\/grupoapron.com\/index.php\/wp-json\/wp\/v2\/pages"}],"about":[{"href":"https:\/\/grupoapron.com\/index.php\/wp-json\/wp\/v2\/types\/page"}],"author":[{"embeddable":true,"href":"https:\/\/grupoapron.com\/index.php\/wp-json\/wp\/v2\/users\/1"}],"replies":[{"embeddable":true,"href":"https:\/\/grupoapron.com\/index.php\/wp-json\/wp\/v2\/comments?post=1279"}],"version-history":[{"count":1,"href":"https:\/\/grupoapron.com\/index.php\/wp-json\/wp\/v2\/pages\/1279\/revisions"}],"predecessor-version":[{"id":1280,"href":"https:\/\/grupoapron.com\/index.php\/wp-json\/wp\/v2\/pages\/1279\/revisions\/1280"}],"wp:featuredmedia":[{"embeddable":true,"href":"https:\/\/grupoapron.com\/index.php\/wp-json\/wp\/v2\/media\/1152"}],"wp:attachment":[{"href":"https:\/\/grupoapron.com\/index.php\/wp-json\/wp\/v2\/media?parent=1279"}],"curies":[{"name":"wp","href":"https:\/\/api.w.org\/{rel}","templated":true}]}}