{"id":1281,"date":"2025-07-31T22:15:43","date_gmt":"2025-07-31T22:15:43","guid":{"rendered":"https:\/\/grupoapron.com\/?page_id=1281"},"modified":"2025-07-31T22:35:46","modified_gmt":"2025-07-31T22:35:46","slug":"manuel-echeverria-training-director","status":"publish","type":"page","link":"https:\/\/grupoapron.com\/index.php\/manuel-echeverria-training-director\/","title":{"rendered":"Manuel Echeverr\u00eda, Training director"},"content":{"rendered":"\n<p>Con m\u00e1s de 20 a\u00f1os de experiencia ha dirigido con \u00e9xito proyectos complejos para clientes en diversos sectores. Adem\u00e1s de su experiencia t\u00e9cnica, como ingeniero en computaci\u00f3n, es licenciado en Psicolog\u00eda y cuenta con experiencia en inteligencia emocional y psicolog\u00eda cl\u00ednica. Esta formaci\u00f3n le permite brindar una perspectiva \u00fanica a la gesti\u00f3n de proyectos, fomentando la colaboraci\u00f3n, la comunicaci\u00f3n efectiva y el liderazgo entre los equipos. Es un experto en la implementaci\u00f3n de soluciones Oracle y posee la certificaci\u00f3n PMP del PMI y DASM Dicipline Agile Scrum Master.<\/p>\n\n\n\n<p><\/p>\n","protected":false},"excerpt":{"rendered":"<p>Con m\u00e1s de 20 a\u00f1os de experiencia ha dirigido con \u00e9xito proyectos complejos para clientes en diversos sectores. Adem\u00e1s de su experiencia t\u00e9cnica, como ingeniero en computaci\u00f3n, es licenciado en Psicolog\u00eda y cuenta con experiencia en inteligencia emocional y psicolog\u00eda cl\u00ednica. Esta formaci\u00f3n le permite brindar una perspectiva \u00fanica a la gesti\u00f3n de proyectos, fomentando [&hellip;]<\/p>\n","protected":false},"author":1,"featured_media":1287,"parent":0,"menu_order":0,"comment_status":"closed","ping_status":"closed","template":"","meta":{"footnotes":""},"class_list":["post-1281","page","type-page","status-publish","has-post-thumbnail","hentry"],"_links":{"self":[{"href":"https:\/\/grupoapron.com\/index.php\/wp-json\/wp\/v2\/pages\/1281","targetHints":{"allow":["GET"]}}],"collection":[{"href":"https:\/\/grupoapron.com\/index.php\/wp-json\/wp\/v2\/pages"}],"about":[{"href":"https:\/\/grupoapron.com\/index.php\/wp-json\/wp\/v2\/types\/page"}],"author":[{"embeddable":true,"href":"https:\/\/grupoapron.com\/index.php\/wp-json\/wp\/v2\/users\/1"}],"replies":[{"embeddable":true,"href":"https:\/\/grupoapron.com\/index.php\/wp-json\/wp\/v2\/comments?post=1281"}],"version-history":[{"count":1,"href":"https:\/\/grupoapron.com\/index.php\/wp-json\/wp\/v2\/pages\/1281\/revisions"}],"predecessor-version":[{"id":1283,"href":"https:\/\/grupoapron.com\/index.php\/wp-json\/wp\/v2\/pages\/1281\/revisions\/1283"}],"wp:featuredmedia":[{"embeddable":true,"href":"https:\/\/grupoapron.com\/index.php\/wp-json\/wp\/v2\/media\/1287"}],"wp:attachment":[{"href":"https:\/\/grupoapron.com\/index.php\/wp-json\/wp\/v2\/media?parent=1281"}],"curies":[{"name":"wp","href":"https:\/\/api.w.org\/{rel}","templated":true}]}}