{"id":1284,"date":"2025-07-31T22:26:34","date_gmt":"2025-07-31T22:26:34","guid":{"rendered":"https:\/\/grupoapron.com\/?page_id=1284"},"modified":"2025-08-05T21:15:43","modified_gmt":"2025-08-05T21:15:43","slug":"marleen-cordero-wellness-coach","status":"publish","type":"page","link":"https:\/\/grupoapron.com\/index.php\/marleen-cordero-wellness-coach\/","title":{"rendered":"Marleen Cordero, Wellness Coach"},"content":{"rendered":"\n<p>Como Wellness Coach ayudo a impulsar el bienestar f\u00edsico, emocional y mental de l\u00edderes y equipos, fomentando h\u00e1bitos saludables, resiliencia y cohesi\u00f3n. Mi rol es clave para impulsar el bienestar integral de l\u00edderes y equipos de proyecto, fortaleciendo su capacidad de alto rendimiento de manera sostenible. Mi misi\u00f3n es <strong>promover h\u00e1bitos saludables, resiliencia emocional y equilibrio entre vida personal y profesional<\/strong>, alineando el bienestar individual con los objetivos estrat\u00e9gicos de cada proyecto.<\/p>\n\n\n\n<p><\/p>\n","protected":false},"excerpt":{"rendered":"<p>Como Wellness Coach ayudo a impulsar el bienestar f\u00edsico, emocional y mental de l\u00edderes y equipos, fomentando h\u00e1bitos saludables, resiliencia y cohesi\u00f3n. Mi rol es clave para impulsar el bienestar integral de l\u00edderes y equipos de proyecto, fortaleciendo su capacidad de alto rendimiento de manera sostenible. Mi misi\u00f3n es promover h\u00e1bitos saludables, resiliencia emocional y [&hellip;]<\/p>\n","protected":false},"author":1,"featured_media":1315,"parent":0,"menu_order":0,"comment_status":"closed","ping_status":"closed","template":"","meta":{"footnotes":""},"class_list":["post-1284","page","type-page","status-publish","has-post-thumbnail","hentry"],"_links":{"self":[{"href":"https:\/\/grupoapron.com\/index.php\/wp-json\/wp\/v2\/pages\/1284","targetHints":{"allow":["GET"]}}],"collection":[{"href":"https:\/\/grupoapron.com\/index.php\/wp-json\/wp\/v2\/pages"}],"about":[{"href":"https:\/\/grupoapron.com\/index.php\/wp-json\/wp\/v2\/types\/page"}],"author":[{"embeddable":true,"href":"https:\/\/grupoapron.com\/index.php\/wp-json\/wp\/v2\/users\/1"}],"replies":[{"embeddable":true,"href":"https:\/\/grupoapron.com\/index.php\/wp-json\/wp\/v2\/comments?post=1284"}],"version-history":[{"count":1,"href":"https:\/\/grupoapron.com\/index.php\/wp-json\/wp\/v2\/pages\/1284\/revisions"}],"predecessor-version":[{"id":1286,"href":"https:\/\/grupoapron.com\/index.php\/wp-json\/wp\/v2\/pages\/1284\/revisions\/1286"}],"wp:featuredmedia":[{"embeddable":true,"href":"https:\/\/grupoapron.com\/index.php\/wp-json\/wp\/v2\/media\/1315"}],"wp:attachment":[{"href":"https:\/\/grupoapron.com\/index.php\/wp-json\/wp\/v2\/media?parent=1284"}],"curies":[{"name":"wp","href":"https:\/\/api.w.org\/{rel}","templated":true}]}}