{"id":63,"date":"2016-07-21T15:36:17","date_gmt":"2016-07-21T15:36:17","guid":{"rendered":"http:\/\/demo.hashthemes.com\/total\/?page_id=63"},"modified":"2025-09-23T22:54:10","modified_gmt":"2025-09-23T22:54:10","slug":"brayden-charles","status":"publish","type":"page","link":"https:\/\/grupoapron.com\/index.php\/brayden-charles\/","title":{"rendered":"Carlos Martinez, BRM"},"content":{"rendered":"\n<p>Enlace estrat\u00e9gico entre la visi\u00f3n del negocio y la ejecuci\u00f3n de proyectos. Su misi\u00f3n es <strong>garantizar que cada iniciativa dentro del portafolio est\u00e9 alineada a los objetivos estrat\u00e9gicos del cliente<\/strong>, optimizando la asignaci\u00f3n de recursos y maximizando el valor entregado.<\/p>\n","protected":false},"excerpt":{"rendered":"<p>Enlace estrat\u00e9gico entre la visi\u00f3n del negocio y la ejecuci\u00f3n de proyectos. Su misi\u00f3n es garantizar que cada iniciativa dentro del portafolio est\u00e9 alineada a los objetivos estrat\u00e9gicos del cliente, optimizando la asignaci\u00f3n de recursos y maximizando el valor entregado.<\/p>\n","protected":false},"author":1,"featured_media":640,"parent":0,"menu_order":0,"comment_status":"closed","ping_status":"closed","template":"","meta":{"footnotes":""},"class_list":["post-63","page","type-page","status-publish","has-post-thumbnail","hentry"],"_links":{"self":[{"href":"https:\/\/grupoapron.com\/index.php\/wp-json\/wp\/v2\/pages\/63","targetHints":{"allow":["GET"]}}],"collection":[{"href":"https:\/\/grupoapron.com\/index.php\/wp-json\/wp\/v2\/pages"}],"about":[{"href":"https:\/\/grupoapron.com\/index.php\/wp-json\/wp\/v2\/types\/page"}],"author":[{"embeddable":true,"href":"https:\/\/grupoapron.com\/index.php\/wp-json\/wp\/v2\/users\/1"}],"replies":[{"embeddable":true,"href":"https:\/\/grupoapron.com\/index.php\/wp-json\/wp\/v2\/comments?post=63"}],"version-history":[{"count":3,"href":"https:\/\/grupoapron.com\/index.php\/wp-json\/wp\/v2\/pages\/63\/revisions"}],"predecessor-version":[{"id":1335,"href":"https:\/\/grupoapron.com\/index.php\/wp-json\/wp\/v2\/pages\/63\/revisions\/1335"}],"wp:featuredmedia":[{"embeddable":true,"href":"https:\/\/grupoapron.com\/index.php\/wp-json\/wp\/v2\/media\/640"}],"wp:attachment":[{"href":"https:\/\/grupoapron.com\/index.php\/wp-json\/wp\/v2\/media?parent=63"}],"curies":[{"name":"wp","href":"https:\/\/api.w.org\/{rel}","templated":true}]}}